{"id":16,"date":"2012-07-01T01:18:31","date_gmt":"2012-06-30T23:18:31","guid":{"rendered":"http:\/\/www.ferienhaus-bergblick.com\/?page_id=16"},"modified":"2012-07-24T23:50:26","modified_gmt":"2012-07-24T21:50:26","slug":"lage","status":"publish","type":"page","link":"https:\/\/www.ferienhaus-bergblick.com\/en\/lage\/","title":{"rendered":"<!--:de-->Lage<!--:--><!--:en-->location<!--:--><!--:nl-->plaats<!--:-->"},"content":{"rendered":"<p><!--:de-->Mitten in Deutschland, eingebettet zwischen den\u00a0 Bergen des Th\u00fcringer Waldes liegt die Bergstadt Ruhla. Die au\u00dfergew\u00f6hnlich interessante Geschichte der Stadt spiegelt sich sowohl in der erhaltenen Bausubstanz, als auch in dem kulturellen Leben wieder.\u00a0 Neben einer Reihe einzigartiger Sehensw\u00fcrdigkeiten, laden den Naturfreund ausgedehnte Wanderwege (z. b. den <a title=\"Bergblick zum Rennsteig\" href=\"http:\/\/de.wikipedia.org\/wiki\/Rennsteig\" target=\"_blank\">Rennsteig<\/a>) mit sch\u00f6nen Ausblicken ein. Im Ort stehen 2 Schwimmb\u00e4der, eine Tennisanlage, ein Fitnesscenter mit Bowling und im Winter viele Kilometer gut gespurte Loipen zur Verf\u00fcgung.<br \/>\n[nggallery id=8]<br \/>\nUnz\u00e4hlige Ausflugsziele wie Burgen, Schl\u00f6sser, Museen, Ausstellungen, Sporteinrichtungen, Spa\u00dfb\u00e4der, H\u00f6hlen, Schaubergwerke sowie die St\u00e4dte <a title=\"Vom Ferienhaus zur Wartburg\" href=\"http:\/\/www.eisenach.de\" target=\"_blank\">Eisenach<\/a>, <a title=\"Eisenach Ruhla Bergblick Gotha\" href=\"http:\/\/www.stiftungfriedenstein.de\/\" target=\"_blank\">Gotha<\/a>, <a href=\"http:\/\/www.google.de\/search?q=erfurter+dom&amp;hl=de&amp;client=firefox-a&amp;hs=RqF&amp;sa=X&amp;rls=org.mozilla:de:official&amp;prmd=imvns&amp;tbm=isch&amp;tbo=u&amp;source=univ&amp;ei=0EL3T4fIMNHusgbA4_TNBQ&amp;ved=0CGYQsAQ&amp;biw=1024&amp;bih=614\" target=\"_blank\">Erfurt<\/a>, <a title=\"Ruhla-Bergblick-Weimar\" href=\"http:\/\/www.weimar.de\" target=\"_blank\">Weimar<\/a> und <a title=\"Ferienanlage Ruhla-Meiningen\" href=\"http:\/\/www.das-meininger-theater.de\" target=\"_blank\">Meiningen<\/a> sind durch die zentrale Lage des Ortes in kurzer Zeit zu erreichen.<br \/>\n[nggallery id=7]<!--:--><!--:en--><\/p>\n<p>In the middle of Germany, nestled between the mountains of the Thuringian Forest, the mountain town of Ruhla. The exceptionally interesting history of the city is reflected in both the preserved buildings, as well as in the cultural life. In addition to a number of unique attractions, invite nature lovers extensive hiking trails (eg the Rennsteig) a with beautiful views. In the village there are 2 swimming pools, tennis courts, a fitness center with bowling in the winter and many kilometers of well groomed trails.<\/p>\n<p>[nggallery id = 8]<\/p>\n<p>Countless attractions such as castles, palaces, museums, exhibitions, sports facilities, water parks, caves, mines, and the cities of Eisenach, Gotha, Erfurt, Weimar and Meiningen can be reached by the central location of the place in a short time.<\/p>\n<p>[nggallery id = 7]<\/p>\n<p><!--:--><!--:nl--><\/p>\n<p>In het midden van Duitsland, gelegen tussen de bergen van het Th\u00fcringer Woud, het bergstadje Ruhla. Het bijzonder interessante geschiedenis van de stad is terug te vinden in zowel de bewaard gebleven gebouwen, maar ook in het culturele leven. Naast een aantal unieke attracties, uit te nodigen natuurliefhebbers vele wandelpaden (bijvoorbeeld de Rennsteig) een met een prachtig uitzicht. In het dorp zijn er 2 zwembaden, tennisbanen, een fitnesscentrum met bowlen in de winter en vele kilometers goed geprepareerde loipes.<br \/>\n[nggallery id = 8]<br \/>\nTalloze bezienswaardigheden, zoals kastelen, paleizen, musea, tentoonstellingen, sportfaciliteiten, waterparken, grotten, mijnen, en de steden Eisenach, Gotha, Erfurt, Weimar en Meiningen kan worden bereikt door de centrale ligging van de plaats in een korte tijd.<br \/>\n[nggallery id = 7]<\/p>\n<p><!--:--><\/p>\n","protected":false},"excerpt":{"rendered":"<p>Mitten in Deutschland, eingebettet zwischen den\u00a0 Bergen des Th\u00fcringer Waldes liegt die Bergstadt Ruhla. Die au\u00dfergew\u00f6hnlich interessante Geschichte der Stadt spiegelt sich sowohl in der erhaltenen Bausubstanz, als auch in dem kulturellen Leben wieder.\u00a0 Neben einer Reihe einzigartiger Sehensw\u00fcrdigkeiten, laden den Naturfreund ausgedehnte Wanderwege (z. b. den Rennsteig) mit sch\u00f6nen Ausblicken ein. Im Ort stehen&nbsp;&hellip;<\/p>","protected":false},"author":2,"featured_media":0,"parent":0,"menu_order":2,"comment_status":"closed","ping_status":"closed","template":"","meta":{"_vp_format_video_url":"","_vp_image_focal_point":[],"footnotes":""},"class_list":["post-16","page","type-page","status-publish","hentry"],"_links":{"self":[{"href":"https:\/\/www.ferienhaus-bergblick.com\/en\/wp-json\/wp\/v2\/pages\/16","targetHints":{"allow":["GET"]}}],"collection":[{"href":"https:\/\/www.ferienhaus-bergblick.com\/en\/wp-json\/wp\/v2\/pages"}],"about":[{"href":"https:\/\/www.ferienhaus-bergblick.com\/en\/wp-json\/wp\/v2\/types\/page"}],"author":[{"embeddable":true,"href":"https:\/\/www.ferienhaus-bergblick.com\/en\/wp-json\/wp\/v2\/users\/2"}],"replies":[{"embeddable":true,"href":"https:\/\/www.ferienhaus-bergblick.com\/en\/wp-json\/wp\/v2\/comments?post=16"}],"version-history":[{"count":0,"href":"https:\/\/www.ferienhaus-bergblick.com\/en\/wp-json\/wp\/v2\/pages\/16\/revisions"}],"wp:attachment":[{"href":"https:\/\/www.ferienhaus-bergblick.com\/en\/wp-json\/wp\/v2\/media?parent=16"}],"curies":[{"name":"wp","href":"https:\/\/api.w.org\/{rel}","templated":true}]}}