{"id":38,"date":"2012-07-02T23:25:31","date_gmt":"2012-07-02T21:25:31","guid":{"rendered":"http:\/\/www.ferienhaus-bergblick.com\/?page_id=38"},"modified":"2022-03-21T13:28:44","modified_gmt":"2022-03-21T11:28:44","slug":"ferienhaus-thuringer-wald","status":"publish","type":"page","link":"https:\/\/www.ferienhaus-bergblick.com\/en\/ferienhaus-thuringer-wald\/","title":{"rendered":"<!--:de-->Ferienhaus Th\u00fcringer Wald<!--:-->"},"content":{"rendered":"\r\n<p class=\"has-text-align-center\" style=\"text-align: left;\"><strong>Preis pro Nacht 50,00 \u20ac<\/strong><\/p>\r\n<p class=\"has-text-align-center\" style=\"text-align: left;\">Das Ferienhaus Th\u00fcringer Wald hat 55 m\u00b2 Wohnfl\u00e4che , 2 Schlafr\u00e4ume davon 1 Schlafraum mit Etagenbett, Aufbettung f\u00fcr eine weitere Person ist m\u00f6glich. Essdiele, Wohnzimmer, Dusche, WC, Terrassen-Ausstattung, Sat-TV und Musikanlage.<\/p>\r\n\r\n\r\n\r\n<p style=\"text-align: left;\">K\u00fcchenausstattung: K\u00fchlschrank, Herd mit Backofen, Mikrowelle, Kaffeemaschine, Toaster, Wasserkocher.<\/p>\r\n<p style=\"text-align: left;\">Die Kurtaxe betr\u00e4gt 1,50 \u20ac pro Person und \u00dcbernachtung und ist unter 16 Jahren frei.<\/p>\r\n<p style=\"text-align: left;\">W-LAN und Bettw\u00e4sche ist im Preis inklusive.<\/p>\r\n<p style=\"text-align: left;\">Stromkosten werden nach Verbrauch berechnet, die kWh kostet 0,40 Cent.<\/p>\r\n<p>[nggallery id=16]<\/p>\r\n<p>&nbsp;<\/p>\r\n\r\n\r\n\r\n<p><iframe loading=\"lazy\" src=\"https:\/\/www.fewo-line.de\/webclient\/?cl=kpf&amp;n=1079.2\" width=\"660\" height=\"760\" frameborder=\"0\" scrolling=\"no\" allowfullscreen=\"allowfullscreen\"><\/iframe><\/p>\r\n","protected":false},"excerpt":{"rendered":"<p>Preis pro Nacht 50,00 \u20ac Das Ferienhaus Th\u00fcringer Wald hat 55 m\u00b2 Wohnfl\u00e4che , 2 Schlafr\u00e4ume davon 1 Schlafraum mit Etagenbett, Aufbettung f\u00fcr eine weitere Person ist m\u00f6glich. Essdiele, Wohnzimmer, Dusche, WC, Terrassen-Ausstattung, Sat-TV und Musikanlage. K\u00fcchenausstattung: K\u00fchlschrank, Herd mit Backofen, Mikrowelle, Kaffeemaschine, Toaster, Wasserkocher. Die Kurtaxe betr\u00e4gt 1,50 \u20ac pro Person und \u00dcbernachtung und&nbsp;&hellip;<\/p>","protected":false},"author":2,"featured_media":0,"parent":0,"menu_order":1,"comment_status":"closed","ping_status":"closed","template":"","meta":{"_vp_format_video_url":"","_vp_image_focal_point":[],"footnotes":""},"class_list":["post-38","page","type-page","status-publish","hentry"],"_links":{"self":[{"href":"https:\/\/www.ferienhaus-bergblick.com\/en\/wp-json\/wp\/v2\/pages\/38","targetHints":{"allow":["GET"]}}],"collection":[{"href":"https:\/\/www.ferienhaus-bergblick.com\/en\/wp-json\/wp\/v2\/pages"}],"about":[{"href":"https:\/\/www.ferienhaus-bergblick.com\/en\/wp-json\/wp\/v2\/types\/page"}],"author":[{"embeddable":true,"href":"https:\/\/www.ferienhaus-bergblick.com\/en\/wp-json\/wp\/v2\/users\/2"}],"replies":[{"embeddable":true,"href":"https:\/\/www.ferienhaus-bergblick.com\/en\/wp-json\/wp\/v2\/comments?post=38"}],"version-history":[{"count":0,"href":"https:\/\/www.ferienhaus-bergblick.com\/en\/wp-json\/wp\/v2\/pages\/38\/revisions"}],"wp:attachment":[{"href":"https:\/\/www.ferienhaus-bergblick.com\/en\/wp-json\/wp\/v2\/media?parent=38"}],"curies":[{"name":"wp","href":"https:\/\/api.w.org\/{rel}","templated":true}]}}