{"id":54,"date":"2012-07-02T23:49:34","date_gmt":"2012-07-02T21:49:34","guid":{"rendered":"http:\/\/www.ferienhaus-bergblick.com\/?page_id=54"},"modified":"2022-03-21T13:30:11","modified_gmt":"2022-03-21T11:30:11","slug":"ferienhaus-ruhla","status":"publish","type":"page","link":"https:\/\/www.ferienhaus-bergblick.com\/en\/ferienhaus-ruhla\/","title":{"rendered":"<!--:de-->Ferienhaus Ruhla<!--:-->"},"content":{"rendered":"\r\n<p class=\"has-text-align-center\" style=\"text-align: left;\"><strong>Preis pro Nacht 50,00 \u20ac<br \/><br \/><\/strong>Das Ferienhaus &#8222;Ruhla&#8220; hat 55 m\u00b2 Wohnfl\u00e4che, 2 Schlafr\u00e4ume davon 1 Schlafraum mit Etagenbett, Essdiele, Wohnzimmer, Dusche, WC, Terrassen-Ausstattung, Sat-TV und Musikanlage. K\u00fcchenausstattung: K\u00fchlschrank mit kleinem Gefrierfach, Herd mit Backofen, Mikrowelle, Kaffeemaschine, Toaster, Wasserkocher. W-LAN und Bettw\u00e4sche ist im Preis inklusive. Stromkosten werden nach Verbrauch berechnet, die kWh kostet 0,40 Cent. Die Kurtaxe betr\u00e4gt 1,50 \u20ac pro Person und Tag und ist unter 16 Jahren frei.<\/p>\r\n\r\n\r\n\r\n\r\n<p>[nggallery id=2]<\/p>\n<p>&nbsp;<\/p>\n\r\n\r\n\r\n<p><iframe loading=\"lazy\" src=\"https:\/\/www.fewo-line.de\/webclient\/?cl=kpf&amp;n=1079.3\" width=\"660\" height=\"700\" frameborder=\"0\" scrolling=\"no\" allowfullscreen=\"allowfullscreen\"><\/iframe><\/p>\r\n","protected":false},"excerpt":{"rendered":"<p>Preis pro Nacht 50,00 \u20ac Das Ferienhaus &#8222;Ruhla&#8220; hat 55 m\u00b2 Wohnfl\u00e4che, 2 Schlafr\u00e4ume davon 1 Schlafraum mit Etagenbett, Essdiele, Wohnzimmer, Dusche, WC, Terrassen-Ausstattung, Sat-TV und Musikanlage. K\u00fcchenausstattung: K\u00fchlschrank mit kleinem Gefrierfach, Herd mit Backofen, Mikrowelle, Kaffeemaschine, Toaster, Wasserkocher. W-LAN und Bettw\u00e4sche ist im Preis inklusive. Stromkosten werden nach Verbrauch berechnet, die kWh kostet 0,40&nbsp;&hellip;<\/p>","protected":false},"author":2,"featured_media":0,"parent":0,"menu_order":3,"comment_status":"closed","ping_status":"closed","template":"","meta":{"_vp_format_video_url":"","_vp_image_focal_point":[],"footnotes":""},"class_list":["post-54","page","type-page","status-publish","hentry"],"_links":{"self":[{"href":"https:\/\/www.ferienhaus-bergblick.com\/en\/wp-json\/wp\/v2\/pages\/54","targetHints":{"allow":["GET"]}}],"collection":[{"href":"https:\/\/www.ferienhaus-bergblick.com\/en\/wp-json\/wp\/v2\/pages"}],"about":[{"href":"https:\/\/www.ferienhaus-bergblick.com\/en\/wp-json\/wp\/v2\/types\/page"}],"author":[{"embeddable":true,"href":"https:\/\/www.ferienhaus-bergblick.com\/en\/wp-json\/wp\/v2\/users\/2"}],"replies":[{"embeddable":true,"href":"https:\/\/www.ferienhaus-bergblick.com\/en\/wp-json\/wp\/v2\/comments?post=54"}],"version-history":[{"count":0,"href":"https:\/\/www.ferienhaus-bergblick.com\/en\/wp-json\/wp\/v2\/pages\/54\/revisions"}],"wp:attachment":[{"href":"https:\/\/www.ferienhaus-bergblick.com\/en\/wp-json\/wp\/v2\/media?parent=54"}],"curies":[{"name":"wp","href":"https:\/\/api.w.org\/{rel}","templated":true}]}}