{"id":788,"date":"2015-05-15T21:54:26","date_gmt":"2015-05-15T19:54:26","guid":{"rendered":"http:\/\/www.ferienhaus-bergblick.com\/?page_id=788"},"modified":"2024-06-02T21:31:18","modified_gmt":"2024-06-02T19:31:18","slug":"ferienhaus-rennsteig","status":"publish","type":"page","link":"https:\/\/www.ferienhaus-bergblick.com\/en\/ferienhaus-rennsteig\/","title":{"rendered":"Ferienhaus Rennsteig"},"content":{"rendered":"\r\n<p><strong>Preis pro Nacht 55,00 \u20ac<\/strong><\/p>\r\n<p class=\"has-text-align-center\" style=\"text-align: left;\">Das Ferienhaus Rennsteig hat 40 qm Wohnfl\u00e4che und ist geeignet f\u00fcr 2 Personen. Ausstattung des Ferienhaus: Wohnraum mit integrierter K\u00fcchenzeile. K\u00fcchenausstattung: &gt; Sp\u00fclmaschine, Cerankochfeld und Backofen, K\u00fchlschrank mit Gefrierfach, Kaffeemaschine, Toaster und Wasserkocher. Schlafzimmer, Badezimmer mit Dusche \/ WC, Terrassen-Ausstattung, Sat-TV. DVD-Player und Musikanlage. W-LAN und Bettw\u00e4sche sind im Preis inklusive. Stromkosten werden nach Verbrauch berechnet, die Kwh kostet 0,40 Cent. Die Kurtaxe betr\u00e4gt 1,50 \u20ac pro Person und \u00dcbernachtung und ist f\u00fcr Kinder unter 16 Jahren frei.\u00a0 Haustiere sind erlaubt.<\/p>\r\n<p class=\"has-text-align-center\">\r\n\r\n<\/p>\n<p>[nggallery id=10]<\/p>\n<p class=\"has-text-align-center\">\n\r\n\r\n<\/p>\r\n<p><iframe loading=\"lazy\" src=\"https:\/\/www.fewo-line.de\/webclient\/?cl=kpf&amp;n=1079.1\" width=\"660\" height=\"753\" frameborder=\"0\" scrolling=\"no\" allowfullscreen=\"allowfullscreen\"><\/iframe><\/p>\r\n<p><a href=\"https:\/\/www.ferienhausmiete.de\/9788.htm\">Ferienhaus Rennsteig in Ruhla auf Ferienhausmiete.de<\/a><\/p>\r\n<p class=\"has-text-align-center\"><\/p>","protected":false},"excerpt":{"rendered":"<p>Preis pro Nacht 55,00 \u20ac Das Ferienhaus Rennsteig hat 40 qm Wohnfl\u00e4che und ist geeignet f\u00fcr 2 Personen. Ausstattung des Ferienhaus: Wohnraum mit integrierter K\u00fcchenzeile. K\u00fcchenausstattung: &gt; Sp\u00fclmaschine, Cerankochfeld und Backofen, K\u00fchlschrank mit Gefrierfach, Kaffeemaschine, Toaster und Wasserkocher. Schlafzimmer, Badezimmer mit Dusche \/ WC, Terrassen-Ausstattung, Sat-TV. DVD-Player und Musikanlage. W-LAN und Bettw\u00e4sche sind im Preis&nbsp;&hellip;<\/p>","protected":false},"author":2,"featured_media":0,"parent":0,"menu_order":0,"comment_status":"closed","ping_status":"closed","template":"","meta":{"_vp_format_video_url":"","_vp_image_focal_point":[],"footnotes":""},"class_list":["post-788","page","type-page","status-publish","hentry"],"_links":{"self":[{"href":"https:\/\/www.ferienhaus-bergblick.com\/en\/wp-json\/wp\/v2\/pages\/788","targetHints":{"allow":["GET"]}}],"collection":[{"href":"https:\/\/www.ferienhaus-bergblick.com\/en\/wp-json\/wp\/v2\/pages"}],"about":[{"href":"https:\/\/www.ferienhaus-bergblick.com\/en\/wp-json\/wp\/v2\/types\/page"}],"author":[{"embeddable":true,"href":"https:\/\/www.ferienhaus-bergblick.com\/en\/wp-json\/wp\/v2\/users\/2"}],"replies":[{"embeddable":true,"href":"https:\/\/www.ferienhaus-bergblick.com\/en\/wp-json\/wp\/v2\/comments?post=788"}],"version-history":[{"count":0,"href":"https:\/\/www.ferienhaus-bergblick.com\/en\/wp-json\/wp\/v2\/pages\/788\/revisions"}],"wp:attachment":[{"href":"https:\/\/www.ferienhaus-bergblick.com\/en\/wp-json\/wp\/v2\/media?parent=788"}],"curies":[{"name":"wp","href":"https:\/\/api.w.org\/{rel}","templated":true}]}}